{"id":48,"date":"2017-02-19T13:58:06","date_gmt":"2017-02-19T13:58:06","guid":{"rendered":"http:\/\/www.anfangsquell.ch\/?page_id=48"},"modified":"2018-04-04T13:59:15","modified_gmt":"2018-04-04T13:59:15","slug":"matrix-energetics","status":"publish","type":"page","link":"https:\/\/www.anfangsquell.ch\/?page_id=48","title":{"rendered":"Matrix Energetics"},"content":{"rendered":"<p><a href=\"http:\/\/www.anfangsquell.ch\/wp-content\/uploads\/2017\/02\/Matrix.jpg\"><img loading=\"lazy\" decoding=\"async\" class=\"wp-image-194 aligncenter\" src=\"http:\/\/www.anfangsquell.ch\/wp-content\/uploads\/2017\/02\/Matrix-300x150.jpg\" width=\"466\" height=\"233\" srcset=\"https:\/\/www.anfangsquell.ch\/wp-content\/uploads\/2017\/02\/Matrix-300x150.jpg 300w, https:\/\/www.anfangsquell.ch\/wp-content\/uploads\/2017\/02\/Matrix.jpg 605w\" sizes=\"auto, (max-width: 466px) 100vw, 466px\" \/><\/a><\/p>\n<p>&nbsp;<\/p>\n<p>Matrix Energetics ist eine von Richard Bartlett entwickelte Methode der Quantenheilung, die auf der Zwei-Punkt-Methode beruht.<\/p>\n<p>1997 machte Richard Bartlett eine bahnbrechende Entdeckung:<\/p>\n<p>Wenn er seine Patienten leicht ber\u00fchrte und sich dabei auf eine bestimmte Intention konzentrierte, konnte er beeindruckende spontane Ver\u00e4nderungen ausl\u00f6sen.<\/p>\n<p>Fehlstellungen in der K\u00f6rperhaltung verschwanden sofort.<\/p>\n<p>Emotionale Belastungen l\u00f6sten sich wie von selbst.<\/p>\n<p>Die Betroffenen f\u00fchlten sich erleichtert und voller Energie.<\/p>\n<p><strong>Matrix Energetics arbeitet ohne Absicht und ein erwartetes oder gew\u00fcnschtes Ergebnis. Es transformiert sich, was sich transformieren soll &#8211; zum h\u00f6chsten Wohl aller Beteiligten.<\/strong><\/p>\n<p>Seit 2011 besuche ich in der Regel zweimal j\u00e4hrlich die Kurse von Richard Bartlett. Seither habe ich viele \u201eWunder\u201c erlebt und ausl\u00f6sen d\u00fcrfen. Dinge, die in unserer 3D orientierten Welt eher als \u201eunglaublich\u201c eingestuft werden. Unterdessen ist es mir m\u00f6glich, nicht nur an einer vor mir sitzenden Person zu arbeiten, sondern auch an einer Person, die sich irgendwo auf der Welt befindet. Dabei geht es nicht nur um Physisches, sondern um alles M\u00f6gliche, das deinen Seelenfrieden st\u00f6ren kann, zum Beispiel die Kommunikation mit einem Menschen in Koma, dem Verschwinden eines Tieres oder Menschen, fehlende Kommunikation, Pr\u00fcfungsangst, Verhalten, das sich seit Generationen weitervererbt und unerkl\u00e4rlich und Schmerz bereitend ist, usw.<\/p>\n<p>Es ist m\u00f6glich, dass sich Dinge in Bildern oder symbolisch zeigen, die nur f\u00fcr dich einen Sinn ergeben. Auf diese Art l\u00f6st sich, was dich am Vorw\u00e4rtskommen hindert.<\/p>\n<p><strong>Was immer dein Anliegen ist, wenn Heilung geschehen darf, dann passiert sie auch!<\/strong><\/p>\n<h6>Preis<\/h6>\n<h6>Erstbehandlung\/ Sitzung 120.-<\/h6>\n<h6>Fernbehandlung 50.-<\/h6>\n<p>&nbsp;<\/p>\n<iframe loading=\"lazy\"  id=\"_ytid_41048\"  width=\"400\" height=\"250\"  data-origwidth=\"400\" data-origheight=\"250\" src=\"https:\/\/www.youtube.com\/embed\/qrRuUQeo4Eo?enablejsapi=1&autoplay=0&cc_load_policy=0&cc_lang_pref=&iv_load_policy=1&loop=0&rel=1&fs=1&playsinline=0&autohide=2&theme=dark&color=red&controls=1&\" class=\"__youtube_prefs__  no-lazyload\" title=\"YouTube player\"  allow=\"fullscreen; accelerometer; autoplay; clipboard-write; encrypted-media; gyroscope; picture-in-picture\" allowfullscreen data-no-lazy=\"1\" data-skipgform_ajax_framebjll=\"\"><\/iframe>\n","protected":false},"excerpt":{"rendered":"<p>&nbsp; Matrix Energetics ist eine von Richard Bartlett entwickelte Methode der Quantenheilung, die auf der Zwei-Punkt-Methode beruht. 1997 machte Richard Bartlett eine bahnbrechende Entdeckung: Wenn er seine Patienten leicht ber\u00fchrte und sich dabei auf eine bestimmte Intention konzentrierte, konnte er beeindruckende spontane Ver\u00e4nderungen ausl\u00f6sen. Fehlstellungen in der K\u00f6rperhaltung verschwanden sofort. Emotionale Belastungen l\u00f6sten sich wie [&hellip;]<\/p>\n","protected":false},"author":1,"featured_media":0,"parent":0,"menu_order":0,"comment_status":"closed","ping_status":"closed","template":"","meta":{"__cvm_playback_settings":[],"__cvm_video_id":"","footnotes":""},"class_list":["post-48","page","type-page","status-publish","hentry","clear"],"_links":{"self":[{"href":"https:\/\/www.anfangsquell.ch\/index.php?rest_route=\/wp\/v2\/pages\/48","targetHints":{"allow":["GET"]}}],"collection":[{"href":"https:\/\/www.anfangsquell.ch\/index.php?rest_route=\/wp\/v2\/pages"}],"about":[{"href":"https:\/\/www.anfangsquell.ch\/index.php?rest_route=\/wp\/v2\/types\/page"}],"author":[{"embeddable":true,"href":"https:\/\/www.anfangsquell.ch\/index.php?rest_route=\/wp\/v2\/users\/1"}],"replies":[{"embeddable":true,"href":"https:\/\/www.anfangsquell.ch\/index.php?rest_route=%2Fwp%2Fv2%2Fcomments&post=48"}],"version-history":[{"count":17,"href":"https:\/\/www.anfangsquell.ch\/index.php?rest_route=\/wp\/v2\/pages\/48\/revisions"}],"predecessor-version":[{"id":195,"href":"https:\/\/www.anfangsquell.ch\/index.php?rest_route=\/wp\/v2\/pages\/48\/revisions\/195"}],"wp:attachment":[{"href":"https:\/\/www.anfangsquell.ch\/index.php?rest_route=%2Fwp%2Fv2%2Fmedia&parent=48"}],"curies":[{"name":"wp","href":"https:\/\/api.w.org\/{rel}","templated":true}]}}