{"id":241,"date":"2017-02-24T13:15:14","date_gmt":"2017-02-24T13:15:14","guid":{"rendered":"http:\/\/www.anfangsquell.ch\/?page_id=241"},"modified":"2023-05-18T10:17:39","modified_gmt":"2023-05-18T10:17:39","slug":"links","status":"publish","type":"page","link":"https:\/\/www.anfangsquell.ch\/?page_id=241","title":{"rendered":"Termin"},"content":{"rendered":"<p>Einen Termin erhalten Sie auf telefonische Vereinbarung. Bitte sprechen Sie Namen, Telefonnummer und Ihr Anliegen aufs Band, sollte ich nicht direkt abnehmen k\u00f6nnen. Ich rufe dann baldm\u00f6glichst zur\u00fcck.<\/p>\n<button class=\"setmore setmore-iframe \" href=\"https:\/\/anfangsquell.setmore.com\/resourcebookingpage\/r5327d9a07be7cc5569cbf188a7f812fafb78e1bc?lang=german\">Termin Buchen<\/button>\n<p>Bezahlung per Bank\u00fcberweisung: \u00a0 \u00a0\u00a0IBAN CH83 0900 0000 1548 8097 7<\/p>\n","protected":false},"excerpt":{"rendered":"<p>Einen Termin erhalten Sie auf telefonische Vereinbarung. Bitte sprechen Sie Namen, Telefonnummer und Ihr Anliegen aufs Band, sollte ich nicht direkt abnehmen k\u00f6nnen. Ich rufe dann baldm\u00f6glichst zur\u00fcck. Bezahlung per Bank\u00fcberweisung: \u00a0 \u00a0\u00a0IBAN CH83 0900 0000 1548 8097 7<\/p>\n","protected":false},"author":1,"featured_media":0,"parent":86,"menu_order":0,"comment_status":"closed","ping_status":"closed","template":"","meta":{"__cvm_playback_settings":[],"__cvm_video_id":"","footnotes":""},"class_list":["post-241","page","type-page","status-publish","hentry","clear"],"_links":{"self":[{"href":"https:\/\/www.anfangsquell.ch\/index.php?rest_route=\/wp\/v2\/pages\/241","targetHints":{"allow":["GET"]}}],"collection":[{"href":"https:\/\/www.anfangsquell.ch\/index.php?rest_route=\/wp\/v2\/pages"}],"about":[{"href":"https:\/\/www.anfangsquell.ch\/index.php?rest_route=\/wp\/v2\/types\/page"}],"author":[{"embeddable":true,"href":"https:\/\/www.anfangsquell.ch\/index.php?rest_route=\/wp\/v2\/users\/1"}],"replies":[{"embeddable":true,"href":"https:\/\/www.anfangsquell.ch\/index.php?rest_route=%2Fwp%2Fv2%2Fcomments&post=241"}],"version-history":[{"count":24,"href":"https:\/\/www.anfangsquell.ch\/index.php?rest_route=\/wp\/v2\/pages\/241\/revisions"}],"predecessor-version":[{"id":588,"href":"https:\/\/www.anfangsquell.ch\/index.php?rest_route=\/wp\/v2\/pages\/241\/revisions\/588"}],"up":[{"embeddable":true,"href":"https:\/\/www.anfangsquell.ch\/index.php?rest_route=\/wp\/v2\/pages\/86"}],"wp:attachment":[{"href":"https:\/\/www.anfangsquell.ch\/index.php?rest_route=%2Fwp%2Fv2%2Fmedia&parent=241"}],"curies":[{"name":"wp","href":"https:\/\/api.w.org\/{rel}","templated":true}]}}